{"id":7,"date":"2025-06-27T10:51:19","date_gmt":"2025-06-27T10:51:19","guid":{"rendered":"https:\/\/hunajakulma.fi\/?page_id=7"},"modified":"2026-04-16T19:23:59","modified_gmt":"2026-04-16T17:23:59","slug":"home","status":"publish","type":"page","link":"https:\/\/hunajakulma.fi\/","title":{"rendered":"Home"},"content":{"rendered":"\n<div class=\"alignnormal\"><div id=\"metaslider-id-71\" style=\"width: 100%;\" class=\"ml-slider-3-108-0 metaslider metaslider-flex metaslider-71 ml-slider ms-theme-default-base nav-hidden\" role=\"region\" aria-label=\"hunajakulma\" data-height=\"200\" data-width=\"800\">\n    <div id=\"metaslider_container_71\">\n        <div id=\"metaslider_71\">\n            <ul class='slides'>\n                <li style=\"display: block; width: 100%;\" class=\"slide-73 ms-image \" aria-roledescription=\"slide\" data-date=\"2025-07-07 08:50:43\" data-filename=\"Hunajakenno_kuva_pienempi-800x200.jpg\" data-slide-type=\"image\"><img loading=\"lazy\" decoding=\"async\" src=\"https:\/\/hunajakulma.fi\/wp-content\/uploads\/2025\/07\/Hunajakenno_kuva_pienempi-800x200.jpg\" height=\"200\" width=\"800\" alt=\"\" class=\"slider-71 slide-73 msDefaultImage\" title=\"Hunajakenno_kuva_pienempi\" \/><\/li>\n                <li style=\"display: none; width: 100%;\" class=\"slide-75 ms-image \" aria-roledescription=\"slide\" data-date=\"2025-07-07 08:52:52\" data-filename=\"mehilainen5_m-800x200.jpg\" data-slide-type=\"image\"><img loading=\"lazy\" decoding=\"async\" src=\"https:\/\/hunajakulma.fi\/wp-content\/uploads\/2025\/06\/mehilainen5_m-800x200.jpg\" height=\"200\" width=\"800\" alt=\"\" class=\"slider-71 slide-75 msDefaultImage\" title=\"mehilainen5_m\" \/><\/li>\n            <\/ul>\n        <\/div>\n        \n    <\/div>\n<\/div><\/div>\n\n\n\n<p><\/p>\n\n\n\n<p><strong>Tarinamme<\/strong><\/p>\n\n\n\n<p>Kev\u00e4\u00e4ll\u00e4 2014 alkoi meid\u00e4n uramme mehil\u00e4isten parissa \u2013 mehil\u00e4isten pidosta opastavan alkeiskurssin j\u00e4lkeen.<\/p>\n\n\n\n<p>Matka Vesilahteen hakemaan ensimm\u00e4isi\u00e4 mehil\u00e4isi\u00e4 oli ikimuistoinen. Viel\u00e4 ikimuistoisempi oli matka mehil\u00e4isten kanssa takaisin kotiin. Kaikki meni hyvin mutta iltamy\u00f6h\u00e4\u00e4n.<\/p>\n\n\n\n<p>Ensimm\u00e4inen k\u00e4ynti mehil\u00e4ispes\u00e4ll\u00e4 oli my\u00f6s mieleenpainuva. Muistiin on j\u00e4\u00e4nyt, ett\u00e4 mehil\u00e4isi\u00e4 oli paljon, ne lensiv\u00e4t ymp\u00e4rill\u00e4mme ja vaikuttivat \u00e4rh\u00e4k\u00f6ilt\u00e4. Taisimme suututtaa ne tai ehk\u00e4 se vain n\u00e4ytti silt\u00e4 aloittelijan silm\u00e4st\u00e4. Nostimme ehk\u00e4 muutaman keh\u00e4n \u2013 tarkastelimme mehil\u00e4isi\u00e4 ja laitoimme pes\u00e4t nopeasti kiinni. Hoitotoimenpiteit\u00e4 tuskin tehtiin, mutta v\u00e4ltyimme pistoksilta.<\/p>\n\n\n\n<p>Mehil\u00e4isten ja kokemuksen m\u00e4\u00e4r\u00e4 kasvoi vuosi vuodelta. Lis\u00e4\u00e4 oppia haettiin muun muassa naapuritarhaajilta. Samalla kasvoi my\u00f6s hunajan m\u00e4\u00e4r\u00e4. Hunajakulma Oy perustettiin vuonna 2016. My\u00f6hemmin tuotanto laajeni mehil\u00e4isvahakynttil\u00f6ihin ja siitep\u00f6lyyn. Ryhdyimme tarjoamaan my\u00f6s p\u00f6lytyspalvelua.<\/p>\n\n\n\n<p>Mehil\u00e4iset ovat opettaneet meille paljon ja hyvin. Niin hyvin, ett\u00e4 p\u00e4\u00e4sin edustamaan Suomea kaksissa kansainv\u00e4lisiss\u00e4 nuorten mehil\u00e4ishoitajien kilpailuissa Ranskassa ja Slovakiassa. Slovakiassa olin yksil\u00f6kilpailussa parhaana suomalaisena jaetulla 15. sijalla 80 kilpailijan joukossa. Is\u00e4ni Mikko taas k\u00e4vi hakemassa lis\u00e4\u00e4 tietoa Tammelan Mustialan mehil\u00e4isilt\u00e4 ja kokeneemmilta tarhaajilta ammattitutkinnon muodossa 2016\u20132017.&nbsp;<\/p>\n\n\n\n<p>Mehil\u00e4ispes\u00e4mme ovat levitt\u00e4ytyneet pikkuhiljaa ymp\u00e4ri H\u00e4meenkyr\u00f6\u00e4. Osa mehil\u00e4ispesist\u00e4mme sijaitsee aivan kuntien rajoilla, joten mehil\u00e4isemme ker\u00e4\u00e4v\u00e4t mett\u00e4 my\u00f6s Sastamalasta, Nokialta ja Yl\u00f6j\u00e4rvelt\u00e4. <\/p>\n\n\n\n<p>Lopuksi haluan kiitt\u00e4\u00e4 kaikkia niit\u00e4 henkil\u00f6it\u00e4 ja asiakkaita, jotka ovat auttaneet ja mahdollistaneet mehil\u00e4isten pitomme.<\/p>\n\n\n\n<p>-Miro<\/p>\n\n\n\n<p><\/p>\n\n\n\n<div class=\"wp-block-columns is-layout-flex wp-container-core-columns-is-layout-28f84493 wp-block-columns-is-layout-flex\">\n<div class=\"wp-block-column is-layout-flow wp-block-column-is-layout-flow\">\n<figure class=\"wp-block-image size-full is-resized\"><img loading=\"lazy\" decoding=\"async\" width=\"592\" height=\"836\" src=\"https:\/\/hunajakulma.fi\/wp-content\/uploads\/2025\/08\/Nyttkuva_10.png\" alt=\"\" class=\"wp-image-137\" style=\"aspect-ratio:0.7081373061508973;width:496px;height:auto\" srcset=\"https:\/\/hunajakulma.fi\/wp-content\/uploads\/2025\/08\/Nyttkuva_10.png 592w, https:\/\/hunajakulma.fi\/wp-content\/uploads\/2025\/08\/Nyttkuva_10-212x300.png 212w\" sizes=\"auto, (max-width: 592px) 100vw, 592px\" \/><figcaption class=\"wp-element-caption\">Hunajamme valittiin vuoden 2017 parhaaksi hunajaksi Pirkka-H\u00e4meen mehil\u00e4ishoitajien hunajakilpailussa.<\/figcaption><\/figure>\n<\/div>\n\n\n\n<div class=\"wp-block-column is-layout-flow wp-block-column-is-layout-flow\">\n<figure class=\"wp-block-image size-full\"><img loading=\"lazy\" decoding=\"async\" width=\"543\" height=\"750\" src=\"https:\/\/hunajakulma.fi\/wp-content\/uploads\/2025\/08\/hyvaa_suomesta.jpg\" alt=\"\" class=\"wp-image-139\" srcset=\"https:\/\/hunajakulma.fi\/wp-content\/uploads\/2025\/08\/hyvaa_suomesta.jpg 543w, https:\/\/hunajakulma.fi\/wp-content\/uploads\/2025\/08\/hyvaa_suomesta-217x300.jpg 217w\" sizes=\"auto, (max-width: 543px) 100vw, 543px\" \/><figcaption class=\"wp-element-caption\">Hunajillamme on Hyv\u00e4\u00e4 Suomesta -merkki.<\/figcaption><\/figure>\n<\/div>\n<\/div>\n\n\n\n<p><strong>Hunajat<\/strong><\/p>\n\n\n\n<p>Hunajaa on saatavana meilt\u00e4 pehme\u00e4n\u00e4 p\u00e4\u00e4s\u00e4\u00e4nt\u00f6isesti ymp\u00e4ri vuoden. Juoksevaa ja tuoretta uuden sadon hunajaa on saatavilla hein\u00e4-elokuussa. Hunajaa on saatavilla lohkeavana kun uuden sadon hunaja on kiteytynyt. Uuden sadon hunaja siis kiteytyy vapaasti, mutta v\u00e4hitellen t\u00e4ysin juoksevasta hunajasta lohkeavaksi hunajaksi.<\/p>\n\n\n\n<p>Hunajamme on ker\u00e4tty p\u00e4\u00e4asiassa H\u00e4meenkyr\u00f6n alueelta. P\u00e4\u00e4satokasveina ovat tavallisesti olleet muun muassa mets\u00e4vadelma, rypsi ja erilaiset apilat. Hunajassamme on yleens\u00e4 my\u00f6s muita niittyjen ja metsien kasvien mett\u00e4 kuten esimerkiksi voikukan, maitohorsman ja mustikan.<\/p>\n\n\n\n<p>Hunajaamme voi ostaa esim. suoraan tilalta meid\u00e4n itsepalvelumyym\u00e4l\u00e4st\u00e4 ja useista ruokakaupoista Pirkanmaalla.<br><\/p>\n\n\n\n<p>Hunajaamme on seuraavien ruokakauppojen valikoimissa: <br><br>K-supermarket H\u00e4meenkyr\u00f6, S-market H\u00e4meenkyr\u00f6, S-market Tippavaara, Prisma Lielahti, Prisma Koivistonkyl\u00e4 Tampere, S-market Tesoma, S-market Hyhky, S-market Niemenranta, Prisma Pirkkala, Prisma Nokia, S-market Ikaalinen, S-market Parkano ja Prisma Sastamala.<\/p>\n\n\n\n<div class=\"wp-block-group is-nowrap is-layout-flex wp-container-core-group-is-layout-6c531013 wp-block-group-is-layout-flex\">\n<div class=\"wp-block-group is-layout-constrained wp-block-group-is-layout-constrained\">\n<div class=\"wp-block-group is-layout-constrained wp-block-group-is-layout-constrained\">\n<div class=\"wp-block-group is-layout-constrained wp-block-group-is-layout-constrained\">\n<figure class=\"wp-block-gallery has-nested-images columns-default is-cropped wp-block-gallery-1 is-layout-flex wp-block-gallery-is-layout-flex\">\n<figure class=\"wp-block-image alignwide size-large is-style-default\"><img loading=\"lazy\" decoding=\"async\" width=\"599\" height=\"449\" data-id=\"297\" src=\"https:\/\/hunajakulma.fi\/wp-content\/uploads\/2026\/04\/6429830134442-edited.png\" alt=\"\" class=\"wp-image-297\" srcset=\"https:\/\/hunajakulma.fi\/wp-content\/uploads\/2026\/04\/6429830134442-edited.png 599w, https:\/\/hunajakulma.fi\/wp-content\/uploads\/2026\/04\/6429830134442-edited-300x225.png 300w\" sizes=\"auto, (max-width: 599px) 100vw, 599px\" \/><\/figure>\n\n\n\n<figure class=\"wp-block-image size-large\"><img loading=\"lazy\" decoding=\"async\" width=\"989\" height=\"742\" data-id=\"298\" src=\"https:\/\/hunajakulma.fi\/wp-content\/uploads\/2026\/04\/LOGO-edited.png\" alt=\"\" class=\"wp-image-298\" srcset=\"https:\/\/hunajakulma.fi\/wp-content\/uploads\/2026\/04\/LOGO-edited.png 989w, https:\/\/hunajakulma.fi\/wp-content\/uploads\/2026\/04\/LOGO-edited-300x225.png 300w, https:\/\/hunajakulma.fi\/wp-content\/uploads\/2026\/04\/LOGO-edited-768x576.png 768w\" sizes=\"auto, (max-width: 989px) 100vw, 989px\" \/><\/figure>\n<\/figure>\n\n\n\n<p>Purkitamme hunajamme Kotitarhan hunajapurkkeihin. Samaa Kotitarhan br\u00e4ndi\u00e4 k\u00e4ytt\u00e4\u00e4 my\u00f6s muutama muu mehil\u00e4istarhaaja. Meid\u00e4n hunajan tunnistaa purkin kannessa olevasta tarrasta, jossa on meid\u00e4n logo ja firman nimi.<\/p>\n<\/div>\n<\/div>\n<\/div>\n<\/div>\n\n\n\n<p><\/p>\n","protected":false},"excerpt":{"rendered":"<p>Tarinamme Kev\u00e4\u00e4ll\u00e4 2014 alkoi meid\u00e4n uramme mehil\u00e4isten parissa \u2013 mehil\u00e4isten pidosta opastavan alkeiskurssin j\u00e4lkeen. Matka Vesilahteen hakemaan ensimm\u00e4isi\u00e4 mehil\u00e4isi\u00e4 oli [&hellip;]<\/p>\n","protected":false},"author":1,"featured_media":0,"parent":0,"menu_order":0,"comment_status":"closed","ping_status":"closed","template":"","meta":{"site-sidebar-layout":"no-sidebar","site-content-layout":"plain-container","ast-site-content-layout":"default","site-content-style":"default","site-sidebar-style":"default","ast-global-header-display":"","ast-banner-title-visibility":"","ast-main-header-display":"","ast-hfb-above-header-display":"","ast-hfb-below-header-display":"","ast-hfb-mobile-header-display":"","site-post-title":"disabled","ast-breadcrumbs-content":"","ast-featured-img":"","footer-sml-layout":"","ast-disable-related-posts":"","theme-transparent-header-meta":"disabled","adv-header-id-meta":"","stick-header-meta":"","header-above-stick-meta":"","header-main-stick-meta":"","header-below-stick-meta":"","astra-migrate-meta-layouts":"default","ast-page-background-enabled":"default","ast-page-background-meta":{"desktop":{"background-color":"var(--ast-global-color-5)","background-image":"","background-repeat":"repeat","background-position":"center center","background-size":"auto","background-attachment":"scroll","background-type":"","background-media":"","overlay-type":"","overlay-color":"","overlay-opacity":"","overlay-gradient":""},"tablet":{"background-color":"","background-image":"","background-repeat":"repeat","background-position":"center center","background-size":"auto","background-attachment":"scroll","background-type":"","background-media":"","overlay-type":"","overlay-color":"","overlay-opacity":"","overlay-gradient":""},"mobile":{"background-color":"","background-image":"","background-repeat":"repeat","background-position":"center center","background-size":"auto","background-attachment":"scroll","background-type":"","background-media":"","overlay-type":"","overlay-color":"","overlay-opacity":"","overlay-gradient":""}},"ast-content-background-meta":{"desktop":{"background-color":"var(--ast-global-color-4)","background-image":"","background-repeat":"repeat","background-position":"center center","background-size":"auto","background-attachment":"scroll","background-type":"","background-media":"","overlay-type":"","overlay-color":"","overlay-opacity":"","overlay-gradient":""},"tablet":{"background-color":"var(--ast-global-color-4)","background-image":"","background-repeat":"repeat","background-position":"center center","background-size":"auto","background-attachment":"scroll","background-type":"","background-media":"","overlay-type":"","overlay-color":"","overlay-opacity":"","overlay-gradient":""},"mobile":{"background-color":"var(--ast-global-color-4)","background-image":"","background-repeat":"repeat","background-position":"center center","background-size":"auto","background-attachment":"scroll","background-type":"","background-media":"","overlay-type":"","overlay-color":"","overlay-opacity":"","overlay-gradient":""}},"footnotes":""},"class_list":["post-7","page","type-page","status-publish","hentry"],"jetpack_sharing_enabled":true,"_links":{"self":[{"href":"https:\/\/hunajakulma.fi\/index.php\/wp-json\/wp\/v2\/pages\/7","targetHints":{"allow":["GET"]}}],"collection":[{"href":"https:\/\/hunajakulma.fi\/index.php\/wp-json\/wp\/v2\/pages"}],"about":[{"href":"https:\/\/hunajakulma.fi\/index.php\/wp-json\/wp\/v2\/types\/page"}],"author":[{"embeddable":true,"href":"https:\/\/hunajakulma.fi\/index.php\/wp-json\/wp\/v2\/users\/1"}],"replies":[{"embeddable":true,"href":"https:\/\/hunajakulma.fi\/index.php\/wp-json\/wp\/v2\/comments?post=7"}],"version-history":[{"count":48,"href":"https:\/\/hunajakulma.fi\/index.php\/wp-json\/wp\/v2\/pages\/7\/revisions"}],"predecessor-version":[{"id":284,"href":"https:\/\/hunajakulma.fi\/index.php\/wp-json\/wp\/v2\/pages\/7\/revisions\/284"}],"wp:attachment":[{"href":"https:\/\/hunajakulma.fi\/index.php\/wp-json\/wp\/v2\/media?parent=7"}],"curies":[{"name":"wp","href":"https:\/\/api.w.org\/{rel}","templated":true}]}}