{"id":41,"date":"2025-06-27T11:16:30","date_gmt":"2025-06-27T11:16:30","guid":{"rendered":"https:\/\/hunajakulma.fi\/?page_id=41"},"modified":"2026-04-14T16:27:14","modified_gmt":"2026-04-14T14:27:14","slug":"polytyspalvelu","status":"publish","type":"page","link":"https:\/\/hunajakulma.fi\/index.php\/polytyspalvelu\/","title":{"rendered":"P\u00f6lytyspalvelu"},"content":{"rendered":"\n<div class=\"alignnormal\"><div id=\"metaslider-id-71\" style=\"width: 100%;\" class=\"ml-slider-3-109-0 metaslider metaslider-flex metaslider-71 ml-slider ms-theme-default-base nav-hidden\" role=\"region\" aria-label=\"hunajakulma\" data-height=\"200\" data-width=\"800\">\n    <div id=\"metaslider_container_71\">\n        <div id=\"metaslider_71\">\n            <ul class='slides'>\n                <li style=\"display: block; width: 100%;\" class=\"slide-73 ms-image \" aria-roledescription=\"slide\" data-date=\"2025-07-07 08:50:43\" data-filename=\"Hunajakenno_kuva_pienempi-800x200.jpg\" data-slide-type=\"image\"><img loading=\"lazy\" decoding=\"async\" src=\"https:\/\/hunajakulma.fi\/wp-content\/uploads\/2025\/07\/Hunajakenno_kuva_pienempi-800x200.jpg\" height=\"200\" width=\"800\" alt=\"\" class=\"slider-71 slide-73 msDefaultImage\" title=\"Hunajakenno_kuva_pienempi\" \/><\/li>\n                <li style=\"display: none; width: 100%;\" class=\"slide-75 ms-image \" aria-roledescription=\"slide\" data-date=\"2025-07-07 08:52:52\" data-filename=\"mehilainen5_m-800x200.jpg\" data-slide-type=\"image\"><img loading=\"lazy\" decoding=\"async\" src=\"https:\/\/hunajakulma.fi\/wp-content\/uploads\/2025\/06\/mehilainen5_m-800x200.jpg\" height=\"200\" width=\"800\" alt=\"\" class=\"slider-71 slide-75 msDefaultImage\" title=\"mehilainen5_m\" \/><\/li>\n            <\/ul>\n        <\/div>\n        \n    <\/div>\n<\/div><\/div>\n\n\n\n<p><\/p>\n\n\n\n<p><strong>P\u00f6lytyspalvelua<\/strong><\/p>\n\n\n\n<p>Hunajakulman mehil\u00e4ispesi\u00e4 voi vuokrata p\u00f6lytykseen.<\/p>\n\n\n\n<p><strong>P\u00f6lytys<\/strong><\/p>\n\n\n\n<p>Hunajan ohella mehil\u00e4isill\u00e4 on rooli, josta harvoin puhutaan \u00e4\u00e4neen: ne ovat maataloutemme t\u00e4rkein p\u00f6lytt\u00e4j\u00e4. Suomen Mehil\u00e4ishoitajain Liiton p\u00f6lytysoppaan mukaan mehil\u00e4isten p\u00f6lytysty\u00f6n arvo viljelykasvien p\u00f6lytt\u00e4j\u00e4n\u00e4 on Suomessa noin 50 miljoonaa euroa vuodessa, l\u00e4hes kuusi kertaa enemm\u00e4n kuin koko hunajasadon arvo.<\/p>\n\n\n\n<p>P\u00f6lytysoppaan mukaan mehil\u00e4isp\u00f6lytys ei ainoastaan lis\u00e4\u00e4 sadon m\u00e4\u00e4r\u00e4\u00e4 vaan parantaa my\u00f6s sen laatua. Hyvin p\u00f6lyttyneet marjat ja hedelm\u00e4t ovat tasaisempia, kauniimpia ja kypsyv\u00e4t tasaisemmin. Rypsill\u00e4 ja rapsilla jopa siementen \u00f6ljypitoisuus nousee. Mansikalla asia on konkreettinen: mit\u00e4 useampi siemenaihe hedelm\u00f6ittyy, sit\u00e4 suuremmaksi ja mehukkaammmaksi marja kasvaa.<\/p>\n\n\n\n<p>EU:n tasolla hy\u00f6nteisp\u00f6lytyksen on arvioitu tuottavan keskim\u00e4\u00e4rin kahdeksan prosentin sadonlis\u00e4yksen koko tuotantoon, ja t\u00e4st\u00e4 85 prosenttia on mehil\u00e4isten ansiota. P\u00f6lytyspalvelulla t\u00e4m\u00e4 teho tuodaan suoraan sinun viljelm\u00e4llesi.<\/p>\n\n\n\n<p>Lis\u00e4tietoa:  <a href=\"https:\/\/hunaja.net\/wp-content\/uploads\/2021\/11\/SML_Polytysopas_2010_Peltotalo.pdf\">SML<\/a><a href=\"https:\/\/www.hunajakulma.fi\/images\/P\u00f6lytysopas2010.pdf\">:n p\u00f6lytysoppas<\/a><\/p>\n\n\n\n<p><strong>Hinta<\/strong><\/p>\n\n\n\n<p>P\u00f6lytyspalvelun hintaan vaikuttavat mm. matka-aika, matkan pituus, pesien m\u00e4\u00e4r\u00e4 ja pesien siirtoajankohdat. Pesi\u00e4 k\u00e4yd\u00e4\u00e4n hoitamassa ja tarkastelemassa kes\u00e4ll\u00e4 noin 9-14 p\u00e4iv\u00e4n v\u00e4lein. Edestakaisia matkoja voi kerty\u00e4 noin 2-12 riippuen siit\u00e4 kuinka pitk\u00e4\u00e4n mehil\u00e4iset ovat p\u00f6lytyskohteessa. Osassa kohteissa mehil\u00e4iset voivat olla vain viikon tai kaksi, jossain kohteissa kes\u00e4kuun alusta elokuun alkuun ja toisissa kohteissa mehil\u00e4ispesi\u00e4 pidet\u00e4\u00e4n paikalla vuoden ymp\u00e4ri. Pesi\u00e4 siirreell\u00e4\u00e4n normaalisti kev\u00e4\u00e4ll\u00e4 huhti-toukokuussa, koska silloin pes\u00e4t painavat v\u00e4hemm\u00e4n.<\/p>\n\n\n\n<p>Jokainen kohde on yksil\u00f6llinen, joten annamme kiinte\u00e4n kokonaistarjouksen sen j\u00e4lkeen, kun olemme perehtyneet teid\u00e4n p\u00f6lytystarpeisiinne.<\/p>\n\n\n\n<p><strong>Kiinnostuitko? Ota yhteytt\u00e4, niin kartoitetaan yhdess\u00e4 viljelyksillesi sopiva ratkaisu.<\/strong><\/p>\n\n\n\n<p><\/p>\n","protected":false},"excerpt":{"rendered":"<p>P\u00f6lytyspalvelua Hunajakulman mehil\u00e4ispesi\u00e4 voi vuokrata p\u00f6lytykseen. P\u00f6lytys Hunajan ohella mehil\u00e4isill\u00e4 on rooli, josta harvoin puhutaan \u00e4\u00e4neen: ne ovat maataloutemme t\u00e4rkein [&hellip;]<\/p>\n","protected":false},"author":1,"featured_media":0,"parent":0,"menu_order":0,"comment_status":"closed","ping_status":"closed","template":"","meta":{"site-sidebar-layout":"default","site-content-layout":"","ast-site-content-layout":"default","site-content-style":"default","site-sidebar-style":"default","ast-global-header-display":"","ast-banner-title-visibility":"","ast-main-header-display":"","ast-hfb-above-header-display":"","ast-hfb-below-header-display":"","ast-hfb-mobile-header-display":"","site-post-title":"","ast-breadcrumbs-content":"","ast-featured-img":"","footer-sml-layout":"","ast-disable-related-posts":"","theme-transparent-header-meta":"","adv-header-id-meta":"","stick-header-meta":"","header-above-stick-meta":"","header-main-stick-meta":"","header-below-stick-meta":"","astra-migrate-meta-layouts":"default","ast-page-background-enabled":"default","ast-page-background-meta":{"desktop":{"background-color":"var(--ast-global-color-5)","background-image":"","background-repeat":"repeat","background-position":"center center","background-size":"auto","background-attachment":"scroll","background-type":"","background-media":"","overlay-type":"","overlay-color":"","overlay-opacity":"","overlay-gradient":""},"tablet":{"background-color":"","background-image":"","background-repeat":"repeat","background-position":"center center","background-size":"auto","background-attachment":"scroll","background-type":"","background-media":"","overlay-type":"","overlay-color":"","overlay-opacity":"","overlay-gradient":""},"mobile":{"background-color":"","background-image":"","background-repeat":"repeat","background-position":"center center","background-size":"auto","background-attachment":"scroll","background-type":"","background-media":"","overlay-type":"","overlay-color":"","overlay-opacity":"","overlay-gradient":""}},"ast-content-background-meta":{"desktop":{"background-color":"var(--ast-global-color-4)","background-image":"","background-repeat":"repeat","background-position":"center center","background-size":"auto","background-attachment":"scroll","background-type":"","background-media":"","overlay-type":"","overlay-color":"","overlay-opacity":"","overlay-gradient":""},"tablet":{"background-color":"var(--ast-global-color-4)","background-image":"","background-repeat":"repeat","background-position":"center center","background-size":"auto","background-attachment":"scroll","background-type":"","background-media":"","overlay-type":"","overlay-color":"","overlay-opacity":"","overlay-gradient":""},"mobile":{"background-color":"var(--ast-global-color-4)","background-image":"","background-repeat":"repeat","background-position":"center center","background-size":"auto","background-attachment":"scroll","background-type":"","background-media":"","overlay-type":"","overlay-color":"","overlay-opacity":"","overlay-gradient":""}},"footnotes":""},"class_list":["post-41","page","type-page","status-publish","hentry"],"jetpack_sharing_enabled":true,"_links":{"self":[{"href":"https:\/\/hunajakulma.fi\/index.php\/wp-json\/wp\/v2\/pages\/41","targetHints":{"allow":["GET"]}}],"collection":[{"href":"https:\/\/hunajakulma.fi\/index.php\/wp-json\/wp\/v2\/pages"}],"about":[{"href":"https:\/\/hunajakulma.fi\/index.php\/wp-json\/wp\/v2\/types\/page"}],"author":[{"embeddable":true,"href":"https:\/\/hunajakulma.fi\/index.php\/wp-json\/wp\/v2\/users\/1"}],"replies":[{"embeddable":true,"href":"https:\/\/hunajakulma.fi\/index.php\/wp-json\/wp\/v2\/comments?post=41"}],"version-history":[{"count":7,"href":"https:\/\/hunajakulma.fi\/index.php\/wp-json\/wp\/v2\/pages\/41\/revisions"}],"predecessor-version":[{"id":283,"href":"https:\/\/hunajakulma.fi\/index.php\/wp-json\/wp\/v2\/pages\/41\/revisions\/283"}],"wp:attachment":[{"href":"https:\/\/hunajakulma.fi\/index.php\/wp-json\/wp\/v2\/media?parent=41"}],"curies":[{"name":"wp","href":"https:\/\/api.w.org\/{rel}","templated":true}]}}