{"id":39,"date":"2025-06-27T11:15:21","date_gmt":"2025-06-27T11:15:21","guid":{"rendered":"https:\/\/hunajakulma.fi\/?page_id=39"},"modified":"2026-04-23T15:21:18","modified_gmt":"2026-04-23T13:21:18","slug":"mehilaistietoa","status":"publish","type":"page","link":"https:\/\/hunajakulma.fi\/index.php\/mehilaistietoa\/","title":{"rendered":"Mehil\u00e4istietoa"},"content":{"rendered":"\n<div class=\"alignnormal\"><div id=\"metaslider-id-71\" style=\"width: 100%;\" class=\"ml-slider-3-109-0 metaslider metaslider-flex metaslider-71 ml-slider ms-theme-default-base nav-hidden\" role=\"region\" aria-label=\"hunajakulma\" data-height=\"200\" data-width=\"800\">\n    <div id=\"metaslider_container_71\">\n        <div id=\"metaslider_71\">\n            <ul class='slides'>\n                <li style=\"display: block; width: 100%;\" class=\"slide-73 ms-image \" aria-roledescription=\"slide\" data-date=\"2025-07-07 08:50:43\" data-filename=\"Hunajakenno_kuva_pienempi-800x200.jpg\" data-slide-type=\"image\"><img loading=\"lazy\" decoding=\"async\" src=\"https:\/\/hunajakulma.fi\/wp-content\/uploads\/2025\/07\/Hunajakenno_kuva_pienempi-800x200.jpg\" height=\"200\" width=\"800\" alt=\"\" class=\"slider-71 slide-73 msDefaultImage\" title=\"Hunajakenno_kuva_pienempi\" \/><\/li>\n                <li style=\"display: none; width: 100%;\" class=\"slide-75 ms-image \" aria-roledescription=\"slide\" data-date=\"2025-07-07 08:52:52\" data-filename=\"mehilainen5_m-800x200.jpg\" data-slide-type=\"image\"><img loading=\"lazy\" decoding=\"async\" src=\"https:\/\/hunajakulma.fi\/wp-content\/uploads\/2025\/06\/mehilainen5_m-800x200.jpg\" height=\"200\" width=\"800\" alt=\"\" class=\"slider-71 slide-75 msDefaultImage\" title=\"mehilainen5_m\" \/><\/li>\n            <\/ul>\n        <\/div>\n        \n    <\/div>\n<\/div><\/div>\n\n\n\n<p><\/p>\n\n\n\n<p><strong>Mehil\u00e4istietoa<\/strong><\/p>\n\n\n\n<p>Mehil\u00e4isi\u00e4 on maailmassa yli 20 000 eri lajia ja suurin osa n\u00e4ist\u00e4 lajeista on erakkomehil\u00e4isi\u00e4. Osa mehil\u00e4isist\u00e4 kuten tarhamehil\u00e4iset ja kimalaiset muodostavat yhteiskuntia. Meill\u00e4 Suomessa el\u00e4v\u00e4 tarhamehil\u00e4islaji on nimelt\u00e4\u00e4n eurooppalainen hunajamehil\u00e4inen (Apis mellifera), jota tosin yleisesti Suomessa kutsutaan vain tarhamehil\u00e4iseksi. Sit\u00e4 on useita eri rotuja kuten italialaisia ja krainilaisia (N\u00e4m\u00e4 ovat Suomessa yleisimm\u00e4t mehil\u00e4isrodut).<\/p>\n\n\n\n<p>Tarhamehil\u00e4iset eiv\u00e4t el\u00e4 luonnostaan Suomessa, vaan ensimm\u00e4inen pes\u00e4 tuotiin Suomeen joidenkin tietojen mukaan 1700-luvulla Baltiasta. Tosin nyky\u00e4\u00e4n ilmaston jo hieman l\u00e4mmetty\u00e4, villej\u00e4 tarhamehil\u00e4isi\u00e4 voi teoriassa esiinty\u00e4 etel\u00e4isimm\u00e4ss\u00e4 Suomessa esimerkiksi sopivissa puunkoloissa. Todenn\u00e4k\u00f6isesti villit tarhamehil\u00e4iset eiv\u00e4t kuitenkaan kest\u00e4isi talvea tai hoitamattomia mehil\u00e4istauteja tai loisia kuten esikotelom\u00e4t\u00e4\u00e4 tai varroapunkkia.<\/p>\n\n\n\n<p>Tarhatut mehil\u00e4iset eiv\u00e4t voi t\u00e4ysin korvata muita p\u00f6lytt\u00e4ji\u00e4, kuten kimalaisia ja erakkomehil\u00e4isi\u00e4 ja toisin p\u00e4in, mutta ne t\u00e4ydent\u00e4v\u00e4t toisiaan. Tarhatut mehil\u00e4iset sopivat erityisesti laajojen kukintojen p\u00f6lytt\u00e4miseen. Seuraavat kolme kohtaa kertovat tarhamehil\u00e4isist\u00e4 (Apis mellifera), joissa niihin viitataan yksinkertaisemmin vain mehil\u00e4isin\u00e4.<\/p>\n\n\n\n<p><strong>Miss\u00e4 voin n\u00e4hd\u00e4 mehil\u00e4ispes\u00e4n?<\/strong><\/p>\n\n\n\n<p>Mehil\u00e4ispes\u00e4t ovat yleisimmin niityn tai pellon laidassa. Ihanteellisin paikka mehil\u00e4ispes\u00e4lle on puolivarjoinen paikka, johon aurinko paistaa erityisesti aamulla ja illalla n\u00e4in pident\u00e4en mehil\u00e4isten lentoaikaa. Yhdelle mehil\u00e4istarhalle sijoitetaan muutamia pesi\u00e4. Meill\u00e4 on ollut yleens\u00e4 v\u00e4hint\u00e4\u00e4n noin nelj\u00e4 pes\u00e4\u00e4 per tarha, mutta keskim\u00e4\u00e4rin noin 8 pes\u00e4\u00e4 per tarha. Tarhojen v\u00e4lill\u00e4 on hyv\u00e4 pit\u00e4\u00e4 useamman kilometrin v\u00e4limatkaa, jotta ravintoa riitt\u00e4\u00e4 kaikille p\u00f6rri\u00e4sille ja ettei mehil\u00e4isten tautipaine kasva liian suureksi.<\/p>\n\n\n\n<p><strong>Ketk\u00e4 mehil\u00e4ispes\u00e4ss\u00e4 asuu?<\/strong><\/p>\n\n\n\n<p><strong>Kuningatar<\/strong> \u2013 eli emo on kaikkien mehil\u00e4isyhdyskunnan yksil\u00f6iden \u00e4iti. Niit\u00e4 on pes\u00e4ss\u00e4 normaalisti vain yksi ja sen teht\u00e4v\u00e4n\u00e4 on munia j\u00e4lkel\u00e4isi\u00e4. Kuningatar k\u00e4y el\u00e4m\u00e4ns\u00e4 alkuvaiheessa muutaman p\u00e4iv\u00e4n aikana yhdell\u00e4 tai useammalla h\u00e4\u00e4lennolla pariutumassa useamman eri kuhnurin kanssa. H\u00e4\u00e4lentojakso tapahtuu vain kerran, mutta kuningattaren muninta jatkuu useamman vuoden. Kuningatar on yhdyskunnan pitk\u00e4ik\u00e4isin yksil\u00f6 ja voi el\u00e4\u00e4 jopa yli viisi vuotta.<\/p>\n\n\n\n<p><strong>Kuhnuri<\/strong> \u2013 urosmehil\u00e4inen, jonka ainut teht\u00e4v\u00e4 on p\u00e4\u00e4st\u00e4 pariutumaan.&nbsp;Sill\u00e4 ei ole muita ty\u00f6velvoitteita. Kuhnurilla ei ole pistint\u00e4, mutta ne ovat hieman suurempia kuin ty\u00f6l\u00e4ismehil\u00e4iset. Ne el\u00e4v\u00e4t noin puolitoista kuukautta kes\u00e4isin ja syksyn tullen ne h\u00e4\u00e4det\u00e4\u00e4n pois mehil\u00e4isyhdyskunnasta.<\/p>\n\n\n\n<p><strong>Ty\u00f6l\u00e4inen<\/strong> \u2013 naaras, yhdyskunnan perusj\u00e4sen, joka tekee l\u00e4hes kaikki ty\u00f6t. Esimerkiksi pes\u00e4n siivouksen, toukkien ruokinnan, ruuan hankinnan, pes\u00e4n puolustamisen, rakentamisen ja kuningattaren hoitamisen. Ty\u00f6mehil\u00e4iset aloittavat ty\u00f6uransa yleens\u00e4 esimerkiksi siivoojina, josta ne etenev\u00e4t normaalisti toukkien ruokkijoiksi ja niin edelleen, lopulta lentomehil\u00e4isiksi, ker\u00e4\u00e4m\u00e4\u00e4n mm. mett\u00e4, vett\u00e4 ja siitep\u00f6ly\u00e4.<\/p>\n\n\n\n<p>Ty\u00f6mehil\u00e4iset p\u00e4\u00e4tt\u00e4v\u00e4t monista yhteiskunnan asioita. My\u00f6s kuningattarella on t\u00e4rkeit\u00e4 teht\u00e4vi\u00e4 ja jonkin verran sanavaltaa, mutta ty\u00f6mehil\u00e4iset p\u00e4\u00e4tt\u00e4v\u00e4t my\u00f6s kuningattaren itsens\u00e4 kohtalosta. Esimerkiksi jos kuningatar ei kykene hoitamaan yhteiskunnan asioita vaaditulla tavalla, ty\u00f6l\u00e4iset voivat valita nuorista toukista uuden kuningattaren.<\/p>\n\n\n\n<p><strong>Mit\u00e4 mehil\u00e4iset tuottavat?<\/strong><\/p>\n\n\n\n<p><strong>Mehil\u00e4isvaha<\/strong> &#8211; mehil\u00e4isen eritt\u00e4m\u00e4 vaha, josta tehd\u00e4\u00e4n kennostot pes\u00e4\u00e4n sek\u00e4 peitet\u00e4\u00e4n hunaja ja mehil\u00e4isen toukat. Ihminen k\u00e4ytt\u00e4\u00e4 vahaa mm. kynttil\u00f6ihin ja puupintojen k\u00e4sittelyyn.<\/p>\n\n\n\n<p><strong>Siitep\u00f6ly<\/strong> \u2013 Mehil\u00e4iset k\u00e4ytt\u00e4v\u00e4t siitep\u00f6ly\u00e4 sellaisenaan toukkien ruokinnassa ja varastoivat sit\u00e4 my\u00f6s kennoihin. Ihmiset k\u00e4ytt\u00e4v\u00e4t siitep\u00f6ly\u00e4 mm. tuoreena, kuivattuna tai pakastettuna.<\/p>\n\n\n\n<p><strong>Propolis<\/strong> \u2013 aine, jolla mehil\u00e4iset tilkitsev\u00e4t pes\u00e4\u00e4 ja suojaavat sit\u00e4 vahingollisilta bakteereilta.<\/p>\n\n\n\n<p><strong>Perga<\/strong> \u2013 entsyymien avulla maitohappok\u00e4ytetty siitep\u00f6ly. Nuoret mehil\u00e4iset sy\u00f6v\u00e4t pergaa, jotta pystyv\u00e4t tuottamaan toukille ruokamehua tai emomaitoa. Ihmiset sy\u00f6v\u00e4t pergaa mm. sellaisenaan tai hunajaan lis\u00e4ttyn\u00e4.<\/p>\n\n\n\n<p><strong>Mehil\u00e4ismyrkky \u2013&nbsp;<\/strong>mehil\u00e4isen eritt\u00e4m\u00e4 myrkky, jota mehil\u00e4iset k\u00e4ytt\u00e4v\u00e4t puolustautumiseen. Mehil\u00e4ismyrkky\u00e4 k\u00e4ytet\u00e4\u00e4n my\u00f6s raaka-aineena l\u00e4\u00e4ketieteess\u00e4 ja kauneudenhoitotuotteissa. Mehil\u00e4ismyrkky\u00e4 ker\u00e4t\u00e4\u00e4n siihen kehitetyn laitteen avulla. Mehil\u00e4inen pist\u00e4\u00e4 myrkkyrauhasensa tyhj\u00e4ksi lasilevylle, josta kuivunut myrkky otetaan talteen.<\/p>\n\n\n\n<p><strong>Emomaito (Royal Jelly)<\/strong> \u2013 kuningatarmehil\u00e4iselle valmistettu erikoisruoka, joka sis\u00e4lt\u00e4\u00e4 mm. paljon erilaisia B-ryhm\u00e4n vitamiineja, proteiinia, aminohappoja, rasvoja, kivenn\u00e4isaineita ja hivenaineita. Emomaitoa voi sy\u00f6d\u00e4 sellaisenaan, ja sit\u00e4 k\u00e4ytet\u00e4\u00e4n raaka-aineena my\u00f6s kosmetiikassa.<\/p>\n\n\n\n<p><strong>P\u00f6lytt\u00e4jien tilanne<\/strong><\/p>\n\n\n\n<p>Tarhamehil\u00e4isill\u00e4 menee yleens\u00e4 ottaen hyvin\u00a0\u2014 ainakin m\u00e4\u00e4r\u00e4llisesti, mutta ei kaikkialla. Yksi syist\u00e4 tarhattujen mehil\u00e4isten hyv\u00e4\u00e4n m\u00e4\u00e4r\u00e4lliseen kehitykseen ovat tarhaajat, jotka voivat yleens\u00e4 korvata kuolleet pes\u00e4t tekem\u00e4ll\u00e4 uusia pesi\u00e4 \u2013 jaokkeita. Toki hunajamehil\u00e4iset lis\u00e4\u00e4ntyv\u00e4t luontaisesti my\u00f6s parveilemalla, mutta jos mehil\u00e4iset p\u00e4\u00e4stet\u00e4\u00e4n parveilemaan vapaasti, l\u00f6ytyv\u00e4t parvet usein mm. ihmisten savupiipuista ja ilmastointiventtiileist\u00e4, mik\u00e4 ei ole hyv\u00e4 asia.<\/p>\n\n\n\n<p>Tarhamehil\u00e4isi\u00e4 vaivaa my\u00f6s useat eri taudit ja loiset, kuten varroapunkki ja esikotelom\u00e4t\u00e4. N\u00e4it\u00e4 tauteja ja loisia on hoidettava tai muuten l\u00e4hes aina koko pes\u00e4 kuolee. Villein\u00e4 el\u00e4v\u00e4t lajitoverit ovat kehitt\u00e4neet esimerkiksi punkkia vastaan vastustuskyky\u00e4, puremalla punkkien jalkoja poikki ja parveilemalla, aiheuttaen siki\u00f6katkoksen mehil\u00e4ispes\u00e4ss\u00e4, jolloin punkit eiv\u00e4t voi lis\u00e4\u00e4nty\u00e4. Tarhamehil\u00e4isten vastustuskyky\u00e4 varroapunkille voi lis\u00e4t\u00e4 jalostamalla mehil\u00e4isi\u00e4 ja valitsemalla suvun jatkajaksi punkin kanssa paremmin toimeentulevia kantoja.<\/p>\n\n\n\n<p>Tarhatut mehil\u00e4iset ovat eritt\u00e4in t\u00e4rkeit\u00e4 p\u00f6lytysty\u00f6ss\u00e4, mutta eiv\u00e4t varsinaisesti auta muita mehil\u00e4isi\u00e4 tai p\u00f6lytt\u00e4ji\u00e4, sill\u00e4 ovathan ne ainakin osittain kilpailijoita kesken\u00e4\u00e4n. Tosin jos tarhamehil\u00e4inen onnistuu p\u00f6lytyksess\u00e4\u00e4n niin hyvin, ett\u00e4 seuraavana vuonna onkin paljon enemm\u00e4n kukkia, joista siemaista mett\u00e4, hy\u00f6tyv\u00e4t t\u00e4st\u00e4 muutkin mehil\u00e4iset ja p\u00f6lytt\u00e4j\u00e4t. Tarhatulla hunajamehil\u00e4isell\u00e4 (Apis mellifera), joka on yksi laji, ei kuitenkaan pelasteta muita mehil\u00e4isi\u00e4, joita on yli 20 000 lajia. Tarhamehil\u00e4isen avulla voidaan kuitenkin pelastaa p\u00f6lytyst\u00e4, mik\u00e4 on eritt\u00e4in merkitt\u00e4v\u00e4 asia, mutta liiaksi yhteen lajiin nojautuminen voi olla hieman riskaabelia.<\/p>\n\n\n\n<p>Tarhaamattomien mehil\u00e4isten ja muiden p\u00f6lytt\u00e4jien tilanne ei ole yht\u00e4 hyv\u00e4 kuin tarhamehil\u00e4isten. Suomessa luonnonvaraisten p\u00f6lytt\u00e4jien m\u00e4\u00e4r\u00e4n laskusta on ep\u00e4suoria viitteit\u00e4, kuten hy\u00f6nteisp\u00f6lytteisten viljelykasvien sadon pienentymiset. Todenn\u00e4k\u00f6isesti luonnonp\u00f6lytt\u00e4j\u00e4t ovat siis v\u00e4henem\u00e4ss\u00e4 tai jo v\u00e4hentyneet Suomessa. T\u00e4t\u00e4 v\u00e4henemist\u00e4 voi osittain paikata tarhamehil\u00e4isill\u00e4 ainakin viljelyskasvien p\u00f6lytt\u00e4misess\u00e4, mutta on hyv\u00e4 muistaa, ett\u00e4 liika on liikaa. Jos tarhamehil\u00e4isi\u00e4 on liikaa samassa paikassa, vaikuttaa se muihin p\u00f6lytt\u00e4j\u00e4populaatioihin todenn\u00e4k\u00f6isesti negatiivisesti. <\/p>\n\n\n\n<p>P\u00f6lytt\u00e4j\u00e4kato on vakava uhka niin p\u00f6lytt\u00e4jille itselleen kuin p\u00f6lytett\u00e4ville kasveille ja meille ihmisille. Siksi on koetettava yll\u00e4pit\u00e4\u00e4\/parantaa nykyist\u00e4 tilannetta. Mehil\u00e4isten kuolemien taustalla on monia ilmi\u00f6it\u00e4. P\u00f6lytt\u00e4j\u00e4kadosta ei kuitenkaan tiedet\u00e4 tai ymm\u00e4rret\u00e4 viel\u00e4 l\u00e4hesk\u00e4\u00e4n kaikkia asioita ja k\u00e4sitykset siit\u00e4 saattavatkin muuttua uuden tiedon valossa. P\u00e4ivittelemme t\u00e4t\u00e4 teksti\u00e4 aina silloin t\u00e4ll\u00f6in, jotta pysymme ajantasalla. \u00a0<\/p>\n\n\n\n<p><strong>Miten voin auttaa ja toiminnallani lis\u00e4t\u00e4 mehil\u00e4isi\u00e4, muita p\u00f6lytt\u00e4ji\u00e4 ja tukea p\u00f6lytysty\u00f6t\u00e4?<\/strong><\/p>\n\n\n\n<p>1. Istuta p\u00f6lytt\u00e4jille hy\u00f6dyllisi\u00e4 kasveja, kuten hunajakukkaa tai muita ravintorikkaita kasveja.<\/p>\n\n\n\n<p>2. J\u00e4t\u00e4 nurmikko leikkaamatta ja ota rennosti.<\/p>\n\n\n\n<p>3. Rakenna hy\u00f6nteishotelli.<\/p>\n\n\n\n<p>4. J\u00e4t\u00e4 turhat myrkyt kauppaan ja s\u00e4\u00e4st\u00e4 p\u00f6lytt\u00e4ji\u00e4 ja rahaa.<\/p>\n\n\n\n<p>5. Osta tuotteita, joihin tarvitaan mehil\u00e4isten tai p\u00f6lytt\u00e4jien panostusta, kuten hunajaa! ;D<\/p>\n\n\n\n<p>\u2192 lis\u00e4\u00e4 tuotteiden kysynt\u00e4\u00e4 \u2192 lis\u00e4\u00e4 mehil\u00e4isten tarvetta \u2192 lis\u00e4\u00e4 p\u00f6lytt\u00e4ji\u00e4 \u2192 lis\u00e4\u00e4 tarjontaa<\/p>\n\n\n\n<p>Lis\u00e4\u00e4 asiaa: <a href=\"https:\/\/yle.fi\/aihe\/kategoria\/luonto\/pelasta-porriainen\">https:\/\/yle.fi\/aihe\/kategoria\/luonto\/pelasta-porriainen<\/a><\/p>\n","protected":false},"excerpt":{"rendered":"<p>Mehil\u00e4istietoa Mehil\u00e4isi\u00e4 on maailmassa yli 20 000 eri lajia ja suurin osa n\u00e4ist\u00e4 lajeista on erakkomehil\u00e4isi\u00e4. Osa mehil\u00e4isist\u00e4 kuten tarhamehil\u00e4iset [&hellip;]<\/p>\n","protected":false},"author":1,"featured_media":0,"parent":0,"menu_order":0,"comment_status":"closed","ping_status":"closed","template":"","meta":{"site-sidebar-layout":"default","site-content-layout":"","ast-site-content-layout":"default","site-content-style":"default","site-sidebar-style":"default","ast-global-header-display":"","ast-banner-title-visibility":"","ast-main-header-display":"","ast-hfb-above-header-display":"","ast-hfb-below-header-display":"","ast-hfb-mobile-header-display":"","site-post-title":"","ast-breadcrumbs-content":"","ast-featured-img":"","footer-sml-layout":"","ast-disable-related-posts":"","theme-transparent-header-meta":"","adv-header-id-meta":"","stick-header-meta":"","header-above-stick-meta":"","header-main-stick-meta":"","header-below-stick-meta":"","astra-migrate-meta-layouts":"default","ast-page-background-enabled":"default","ast-page-background-meta":{"desktop":{"background-color":"var(--ast-global-color-5)","background-image":"","background-repeat":"repeat","background-position":"center center","background-size":"auto","background-attachment":"scroll","background-type":"","background-media":"","overlay-type":"","overlay-color":"","overlay-opacity":"","overlay-gradient":""},"tablet":{"background-color":"","background-image":"","background-repeat":"repeat","background-position":"center center","background-size":"auto","background-attachment":"scroll","background-type":"","background-media":"","overlay-type":"","overlay-color":"","overlay-opacity":"","overlay-gradient":""},"mobile":{"background-color":"","background-image":"","background-repeat":"repeat","background-position":"center center","background-size":"auto","background-attachment":"scroll","background-type":"","background-media":"","overlay-type":"","overlay-color":"","overlay-opacity":"","overlay-gradient":""}},"ast-content-background-meta":{"desktop":{"background-color":"var(--ast-global-color-4)","background-image":"","background-repeat":"repeat","background-position":"center center","background-size":"auto","background-attachment":"scroll","background-type":"","background-media":"","overlay-type":"","overlay-color":"","overlay-opacity":"","overlay-gradient":""},"tablet":{"background-color":"var(--ast-global-color-4)","background-image":"","background-repeat":"repeat","background-position":"center center","background-size":"auto","background-attachment":"scroll","background-type":"","background-media":"","overlay-type":"","overlay-color":"","overlay-opacity":"","overlay-gradient":""},"mobile":{"background-color":"var(--ast-global-color-4)","background-image":"","background-repeat":"repeat","background-position":"center center","background-size":"auto","background-attachment":"scroll","background-type":"","background-media":"","overlay-type":"","overlay-color":"","overlay-opacity":"","overlay-gradient":""}},"footnotes":""},"class_list":["post-39","page","type-page","status-publish","hentry"],"jetpack_sharing_enabled":true,"_links":{"self":[{"href":"https:\/\/hunajakulma.fi\/index.php\/wp-json\/wp\/v2\/pages\/39","targetHints":{"allow":["GET"]}}],"collection":[{"href":"https:\/\/hunajakulma.fi\/index.php\/wp-json\/wp\/v2\/pages"}],"about":[{"href":"https:\/\/hunajakulma.fi\/index.php\/wp-json\/wp\/v2\/types\/page"}],"author":[{"embeddable":true,"href":"https:\/\/hunajakulma.fi\/index.php\/wp-json\/wp\/v2\/users\/1"}],"replies":[{"embeddable":true,"href":"https:\/\/hunajakulma.fi\/index.php\/wp-json\/wp\/v2\/comments?post=39"}],"version-history":[{"count":6,"href":"https:\/\/hunajakulma.fi\/index.php\/wp-json\/wp\/v2\/pages\/39\/revisions"}],"predecessor-version":[{"id":304,"href":"https:\/\/hunajakulma.fi\/index.php\/wp-json\/wp\/v2\/pages\/39\/revisions\/304"}],"wp:attachment":[{"href":"https:\/\/hunajakulma.fi\/index.php\/wp-json\/wp\/v2\/media?parent=39"}],"curies":[{"name":"wp","href":"https:\/\/api.w.org\/{rel}","templated":true}]}}