{"id":36,"date":"2025-06-27T11:09:19","date_gmt":"2025-06-27T11:09:19","guid":{"rendered":"https:\/\/hunajakulma.fi\/?page_id=36"},"modified":"2025-12-29T16:12:04","modified_gmt":"2025-12-29T14:12:04","slug":"yhteystiedot","status":"publish","type":"page","link":"https:\/\/hunajakulma.fi\/index.php\/yhteystiedot\/","title":{"rendered":"Yhteystiedot"},"content":{"rendered":"\n<div class=\"alignnormal\"><div id=\"metaslider-id-71\" style=\"width: 100%;\" class=\"ml-slider-3-109-0 metaslider metaslider-flex metaslider-71 ml-slider ms-theme-default-base nav-hidden\" role=\"region\" aria-label=\"hunajakulma\" data-height=\"200\" data-width=\"800\">\n    <div id=\"metaslider_container_71\">\n        <div id=\"metaslider_71\">\n            <ul class='slides'>\n                <li style=\"display: block; width: 100%;\" class=\"slide-73 ms-image \" aria-roledescription=\"slide\" data-date=\"2025-07-07 08:50:43\" data-filename=\"Hunajakenno_kuva_pienempi-800x200.jpg\" data-slide-type=\"image\"><img loading=\"lazy\" decoding=\"async\" src=\"https:\/\/hunajakulma.fi\/wp-content\/uploads\/2025\/07\/Hunajakenno_kuva_pienempi-800x200.jpg\" height=\"200\" width=\"800\" alt=\"\" class=\"slider-71 slide-73 msDefaultImage\" title=\"Hunajakenno_kuva_pienempi\" \/><\/li>\n                <li style=\"display: none; width: 100%;\" class=\"slide-75 ms-image \" aria-roledescription=\"slide\" data-date=\"2025-07-07 08:52:52\" data-filename=\"mehilainen5_m-800x200.jpg\" data-slide-type=\"image\"><img loading=\"lazy\" decoding=\"async\" src=\"https:\/\/hunajakulma.fi\/wp-content\/uploads\/2025\/06\/mehilainen5_m-800x200.jpg\" height=\"200\" width=\"800\" alt=\"\" class=\"slider-71 slide-75 msDefaultImage\" title=\"mehilainen5_m\" \/><\/li>\n            <\/ul>\n        <\/div>\n        \n    <\/div>\n<\/div><\/div>\n\n\n\n<p><\/p>\n\n\n\n<p><strong>Yhteystiedot<\/strong><\/p>\n\n\n\n<p>Puh. 0453210696 (Miro)<\/p>\n\n\n\n<p>Puh. 0407209000 (Mikko)<\/p>\n\n\n\n<p>S\u00e4hk\u00f6posti: <a href=\"mailto:toimisto@hunajakulma.fi\">toimisto@hunajakulma.fi<\/a> \/ <a href=\"mailto:mirokulma@gmail.com\">mirokulma@gmail.com<\/a><\/p>\n\n\n\n<p>Facebook: <a href=\"https:\/\/fi-fi.facebook.com\/hunajakulma\">https:\/\/fi-fi.facebook.com\/hunajakulma<\/a><\/p>\n\n\n\n<p>Instagram: <a href=\"https:\/\/www.instagram.com\/hunajakulma\/\">https:\/\/www.instagram.com\/hunajakulma\/<\/a><\/p>\n\n\n\n<p>Osoite: Kyr\u00f6spohjantie 279, 39100 H\u00e4meenkyr\u00f6<\/p>\n\n\n\n<p>Y-tunnus: 2754245-9<\/p>\n\n\n\n<p>Aukioloajat: Itsepalvelumyym\u00e4l\u00e4mme on auki 24\/7. Itsepalvelumyym\u00e4l\u00e4ss\u00e4mme on hunajaa ja kynttil\u00f6it\u00e4, hinnasto ja ohjeet maksamiseen (MobilePay). Mik\u00e4li haluat palvelua voit soittaa yll\u00e4 oleviin numeroihin. Tervetuloa ostoksille! <\/p>\n\n\n\n<p>Itsepalvelumyym\u00e4l\u00e4n tuotteiden hinnat l\u00f6ytyv\u00e4t MobilePaysta. N\u00e4pp\u00e4ile itsepalvelumyym\u00e4l\u00e4n MobilePay-numero 14953 MobilePay sovellukseen ja katso ajantasainen hinnasto sielt\u00e4.<\/p>\n\n\n\n<p>Huom. Itsepalvelumyym\u00e4l\u00e4ss\u00e4 voi maksaa vain MobilePaylla.<\/p>\n\n\n\n<figure class=\"wp-block-image size-full is-resized\"><img loading=\"lazy\" decoding=\"async\" width=\"960\" height=\"720\" src=\"https:\/\/hunajakulma.fi\/wp-content\/uploads\/2025\/07\/itsepalvelumyymala.jpg\" alt=\"\" class=\"wp-image-121\" style=\"width:515px;height:auto\" srcset=\"https:\/\/hunajakulma.fi\/wp-content\/uploads\/2025\/07\/itsepalvelumyymala.jpg 960w, https:\/\/hunajakulma.fi\/wp-content\/uploads\/2025\/07\/itsepalvelumyymala-300x225.jpg 300w, https:\/\/hunajakulma.fi\/wp-content\/uploads\/2025\/07\/itsepalvelumyymala-768x576.jpg 768w, https:\/\/hunajakulma.fi\/wp-content\/uploads\/2025\/07\/itsepalvelumyymala-600x450.jpg 600w\" sizes=\"auto, (max-width: 960px) 100vw, 960px\" \/><figcaption class=\"wp-element-caption\">Itsepalvelumyym\u00e4l\u00e4mme sijaitsee vanhan navettarakennuksen p\u00e4\u00e4dyss\u00e4.&nbsp;<\/figcaption><\/figure>\n","protected":false},"excerpt":{"rendered":"<p>Yhteystiedot Puh. 0453210696 (Miro) Puh. 0407209000 (Mikko) S\u00e4hk\u00f6posti: toimisto@hunajakulma.fi \/ mirokulma@gmail.com Facebook: https:\/\/fi-fi.facebook.com\/hunajakulma Instagram: https:\/\/www.instagram.com\/hunajakulma\/ Osoite: Kyr\u00f6spohjantie 279, 39100 H\u00e4meenkyr\u00f6 [&hellip;]<\/p>\n","protected":false},"author":1,"featured_media":0,"parent":0,"menu_order":0,"comment_status":"closed","ping_status":"closed","template":"","meta":{"site-sidebar-layout":"default","site-content-layout":"","ast-site-content-layout":"default","site-content-style":"default","site-sidebar-style":"default","ast-global-header-display":"","ast-banner-title-visibility":"","ast-main-header-display":"","ast-hfb-above-header-display":"","ast-hfb-below-header-display":"","ast-hfb-mobile-header-display":"","site-post-title":"","ast-breadcrumbs-content":"","ast-featured-img":"","footer-sml-layout":"","ast-disable-related-posts":"","theme-transparent-header-meta":"","adv-header-id-meta":"","stick-header-meta":"","header-above-stick-meta":"","header-main-stick-meta":"","header-below-stick-meta":"","astra-migrate-meta-layouts":"default","ast-page-background-enabled":"default","ast-page-background-meta":{"desktop":{"background-color":"var(--ast-global-color-5)","background-image":"","background-repeat":"repeat","background-position":"center center","background-size":"auto","background-attachment":"scroll","background-type":"","background-media":"","overlay-type":"","overlay-color":"","overlay-opacity":"","overlay-gradient":""},"tablet":{"background-color":"","background-image":"","background-repeat":"repeat","background-position":"center center","background-size":"auto","background-attachment":"scroll","background-type":"","background-media":"","overlay-type":"","overlay-color":"","overlay-opacity":"","overlay-gradient":""},"mobile":{"background-color":"","background-image":"","background-repeat":"repeat","background-position":"center center","background-size":"auto","background-attachment":"scroll","background-type":"","background-media":"","overlay-type":"","overlay-color":"","overlay-opacity":"","overlay-gradient":""}},"ast-content-background-meta":{"desktop":{"background-color":"var(--ast-global-color-4)","background-image":"","background-repeat":"repeat","background-position":"center center","background-size":"auto","background-attachment":"scroll","background-type":"","background-media":"","overlay-type":"","overlay-color":"","overlay-opacity":"","overlay-gradient":""},"tablet":{"background-color":"var(--ast-global-color-4)","background-image":"","background-repeat":"repeat","background-position":"center center","background-size":"auto","background-attachment":"scroll","background-type":"","background-media":"","overlay-type":"","overlay-color":"","overlay-opacity":"","overlay-gradient":""},"mobile":{"background-color":"var(--ast-global-color-4)","background-image":"","background-repeat":"repeat","background-position":"center center","background-size":"auto","background-attachment":"scroll","background-type":"","background-media":"","overlay-type":"","overlay-color":"","overlay-opacity":"","overlay-gradient":""}},"footnotes":""},"class_list":["post-36","page","type-page","status-publish","hentry"],"jetpack_sharing_enabled":true,"_links":{"self":[{"href":"https:\/\/hunajakulma.fi\/index.php\/wp-json\/wp\/v2\/pages\/36","targetHints":{"allow":["GET"]}}],"collection":[{"href":"https:\/\/hunajakulma.fi\/index.php\/wp-json\/wp\/v2\/pages"}],"about":[{"href":"https:\/\/hunajakulma.fi\/index.php\/wp-json\/wp\/v2\/types\/page"}],"author":[{"embeddable":true,"href":"https:\/\/hunajakulma.fi\/index.php\/wp-json\/wp\/v2\/users\/1"}],"replies":[{"embeddable":true,"href":"https:\/\/hunajakulma.fi\/index.php\/wp-json\/wp\/v2\/comments?post=36"}],"version-history":[{"count":12,"href":"https:\/\/hunajakulma.fi\/index.php\/wp-json\/wp\/v2\/pages\/36\/revisions"}],"predecessor-version":[{"id":204,"href":"https:\/\/hunajakulma.fi\/index.php\/wp-json\/wp\/v2\/pages\/36\/revisions\/204"}],"wp:attachment":[{"href":"https:\/\/hunajakulma.fi\/index.php\/wp-json\/wp\/v2\/media?parent=36"}],"curies":[{"name":"wp","href":"https:\/\/api.w.org\/{rel}","templated":true}]}}