{"id":262,"date":"2026-03-24T13:39:09","date_gmt":"2026-03-24T11:39:09","guid":{"rendered":"https:\/\/hunajakulma.fi\/?page_id=262"},"modified":"2026-03-24T21:38:57","modified_gmt":"2026-03-24T19:38:57","slug":"hunajakulma-investoi","status":"publish","type":"page","link":"https:\/\/hunajakulma.fi\/index.php\/yhteystiedot\/hunajakulma-investoi\/","title":{"rendered":"Tiedotteet"},"content":{"rendered":"\n<p><\/p>\n\n\n\n<p><strong>Hunajakulman investoinnit<\/strong><\/p>\n\n\n\n<p>Hunajakulma laajentaa maltillisesti mehil\u00e4istarhausta. T\u00e4t\u00e4 varten tehd\u00e4\u00e4n investointeja tarpeellisiin tiloihin, laitteisiin, koneisiin ja pes\u00e4kalustoon. Investointien tavoitteena on mm. mahdollistaa laajentuminen eli mehil\u00e4ispesien m\u00e4\u00e4r\u00e4n lis\u00e4ys ja varmistaa toiminnan jatkuminen. <br><br>Hanke toteutetaan Sis\u00e4-Suomen Elinvoimakeskuksen my\u00f6nt\u00e4m\u00e4n EU-maaseuturahoituksen tuella. Hunajakulma Oy:lle on my\u00f6nnetty investointiavustusta 35% kokonaisinvestoinnista eli 29 183,99 \u20ac (EU:n osuus 12 549,12 \u20ac \/ kansallinen osuus: 16 634,87 \u20ac). Lis\u00e4ksi Hunajakulma Oy:lle my\u00f6nnettiin nuoren viljelij\u00e4n aloitustukea 40 000 \u20ac (EU:n osuus 17 200 \u20ac \/ kansallinen osuus: 22 800 \u20ac).<br><\/p>\n\n\n\n<figure class=\"wp-block-image size-full is-resized\"><img loading=\"lazy\" decoding=\"async\" width=\"1024\" height=\"215\" src=\"https:\/\/hunajakulma.fi\/wp-content\/uploads\/2026\/03\/FI-Euroopan-unionin-osarahoittama-2.jpg\" alt=\"\" class=\"wp-image-263\" style=\"aspect-ratio:4.763230023192072;width:439px;height:auto\" srcset=\"https:\/\/hunajakulma.fi\/wp-content\/uploads\/2026\/03\/FI-Euroopan-unionin-osarahoittama-2.jpg 1024w, https:\/\/hunajakulma.fi\/wp-content\/uploads\/2026\/03\/FI-Euroopan-unionin-osarahoittama-2-300x63.jpg 300w, https:\/\/hunajakulma.fi\/wp-content\/uploads\/2026\/03\/FI-Euroopan-unionin-osarahoittama-2-768x161.jpg 768w, https:\/\/hunajakulma.fi\/wp-content\/uploads\/2026\/03\/FI-Euroopan-unionin-osarahoittama-2-600x126.jpg 600w\" sizes=\"auto, (max-width: 1024px) 100vw, 1024px\" \/><\/figure>\n","protected":false},"excerpt":{"rendered":"<p>Hunajakulman investoinnit Hunajakulma laajentaa maltillisesti mehil\u00e4istarhausta. T\u00e4t\u00e4 varten tehd\u00e4\u00e4n investointeja tarpeellisiin tiloihin, laitteisiin, koneisiin ja pes\u00e4kalustoon. Investointien tavoitteena on mm. [&hellip;]<\/p>\n","protected":false},"author":2,"featured_media":0,"parent":36,"menu_order":0,"comment_status":"closed","ping_status":"closed","template":"","meta":{"site-sidebar-layout":"default","site-content-layout":"","ast-site-content-layout":"default","site-content-style":"default","site-sidebar-style":"default","ast-global-header-display":"","ast-banner-title-visibility":"","ast-main-header-display":"","ast-hfb-above-header-display":"","ast-hfb-below-header-display":"","ast-hfb-mobile-header-display":"","site-post-title":"","ast-breadcrumbs-content":"","ast-featured-img":"","footer-sml-layout":"","ast-disable-related-posts":"","theme-transparent-header-meta":"","adv-header-id-meta":"","stick-header-meta":"","header-above-stick-meta":"","header-main-stick-meta":"","header-below-stick-meta":"","astra-migrate-meta-layouts":"default","ast-page-background-enabled":"default","ast-page-background-meta":{"desktop":{"background-color":"var(--ast-global-color-5)","background-image":"","background-repeat":"repeat","background-position":"center center","background-size":"auto","background-attachment":"scroll","background-type":"","background-media":"","overlay-type":"","overlay-color":"","overlay-opacity":"","overlay-gradient":""},"tablet":{"background-color":"","background-image":"","background-repeat":"repeat","background-position":"center center","background-size":"auto","background-attachment":"scroll","background-type":"","background-media":"","overlay-type":"","overlay-color":"","overlay-opacity":"","overlay-gradient":""},"mobile":{"background-color":"","background-image":"","background-repeat":"repeat","background-position":"center center","background-size":"auto","background-attachment":"scroll","background-type":"","background-media":"","overlay-type":"","overlay-color":"","overlay-opacity":"","overlay-gradient":""}},"ast-content-background-meta":{"desktop":{"background-color":"var(--ast-global-color-4)","background-image":"","background-repeat":"repeat","background-position":"center center","background-size":"auto","background-attachment":"scroll","background-type":"","background-media":"","overlay-type":"","overlay-color":"","overlay-opacity":"","overlay-gradient":""},"tablet":{"background-color":"var(--ast-global-color-4)","background-image":"","background-repeat":"repeat","background-position":"center center","background-size":"auto","background-attachment":"scroll","background-type":"","background-media":"","overlay-type":"","overlay-color":"","overlay-opacity":"","overlay-gradient":""},"mobile":{"background-color":"var(--ast-global-color-4)","background-image":"","background-repeat":"repeat","background-position":"center center","background-size":"auto","background-attachment":"scroll","background-type":"","background-media":"","overlay-type":"","overlay-color":"","overlay-opacity":"","overlay-gradient":""}},"footnotes":""},"class_list":["post-262","page","type-page","status-publish","hentry"],"jetpack_sharing_enabled":true,"_links":{"self":[{"href":"https:\/\/hunajakulma.fi\/index.php\/wp-json\/wp\/v2\/pages\/262","targetHints":{"allow":["GET"]}}],"collection":[{"href":"https:\/\/hunajakulma.fi\/index.php\/wp-json\/wp\/v2\/pages"}],"about":[{"href":"https:\/\/hunajakulma.fi\/index.php\/wp-json\/wp\/v2\/types\/page"}],"author":[{"embeddable":true,"href":"https:\/\/hunajakulma.fi\/index.php\/wp-json\/wp\/v2\/users\/2"}],"replies":[{"embeddable":true,"href":"https:\/\/hunajakulma.fi\/index.php\/wp-json\/wp\/v2\/comments?post=262"}],"version-history":[{"count":11,"href":"https:\/\/hunajakulma.fi\/index.php\/wp-json\/wp\/v2\/pages\/262\/revisions"}],"predecessor-version":[{"id":278,"href":"https:\/\/hunajakulma.fi\/index.php\/wp-json\/wp\/v2\/pages\/262\/revisions\/278"}],"up":[{"embeddable":true,"href":"https:\/\/hunajakulma.fi\/index.php\/wp-json\/wp\/v2\/pages\/36"}],"wp:attachment":[{"href":"https:\/\/hunajakulma.fi\/index.php\/wp-json\/wp\/v2\/media?parent=262"}],"curies":[{"name":"wp","href":"https:\/\/api.w.org\/{rel}","templated":true}]}}